{"id":562,"date":"2024-04-12T11:44:06","date_gmt":"2024-04-12T11:44:06","guid":{"rendered":"https:\/\/themes.bootscore.me\/boilerplate\/?page_id=562"},"modified":"2025-10-15T09:11:13","modified_gmt":"2025-10-15T09:11:13","slug":"image-credits","status":"publish","type":"page","link":"https:\/\/themes.bootscore.me\/boilerplate\/image-credits\/","title":{"rendered":"Image Credits"},"content":{"rendered":"\n<ul class=\"wp-block-list\">\n<li>Photo by <a href=\"https:\/\/unsplash.com\/@vorosbenisop?utm_content=creditCopyText&amp;utm_medium=referral&amp;utm_source=unsplash\">Benjamin Voros<\/a> on <a href=\"https:\/\/unsplash.com\/photos\/crescent-moon-above-mountain-U-Kty6HxcQc?utm_content=creditCopyText&amp;utm_medium=referral&amp;utm_source=unsplash\">Unsplash<\/a><\/li>\n\n\n\n<li>Photo by <a href=\"https:\/\/unsplash.com\/@monstercritic?utm_content=creditCopyText&amp;utm_medium=referral&amp;utm_source=unsplash\">Sergey Shmidt<\/a> on <a href=\"https:\/\/unsplash.com\/photos\/orange-petaled-flowers-koy6FlCCy5s?utm_content=creditCopyText&amp;utm_medium=referral&amp;utm_source=unsplash\">Unsplash<\/a><\/li>\n\n\n\n<li>Photo by <a href=\"https:\/\/unsplash.com\/@matthardy?utm_content=creditCopyText&amp;utm_medium=referral&amp;utm_source=unsplash\">Matt Hardy<\/a> on <a href=\"https:\/\/unsplash.com\/photos\/body-of-water-under-sky-6ArTTluciuA?utm_content=creditCopyText&amp;utm_medium=referral&amp;utm_source=unsplash\">Unsplash<\/a><\/li>\n\n\n\n<li>Photo by <a href=\"https:\/\/unsplash.com\/@actionvance?utm_content=creditCopyText&amp;utm_medium=referral&amp;utm_source=unsplash\">ActionVance<\/a> on <a href=\"https:\/\/unsplash.com\/photos\/outer-space-photography-of-earth-t7EL2iG3jMc?utm_content=creditCopyText&amp;utm_medium=referral&amp;utm_source=unsplash\">Unsplash<\/a><\/li>\n\n\n\n<li>Photo by <a href=\"https:\/\/unsplash.com\/@yuli_superson?utm_content=creditCopyText&amp;utm_medium=referral&amp;utm_source=unsplash\">Juli Kosolapova<\/a> on <a href=\"https:\/\/unsplash.com\/photos\/dusty-desert-valley-Us_dv71f1bc?utm_content=creditCopyText&amp;utm_medium=referral&amp;utm_source=unsplash\">Unsplash<\/a><\/li>\n\n\n\n<li>Photo by <a href=\"https:\/\/unsplash.com\/@valencyjna?utm_content=creditCopyText&amp;utm_medium=referral&amp;utm_source=unsplash\">Weronika<\/a> on <a href=\"https:\/\/unsplash.com\/photos\/green-palm-trees-near-mountain-during-daytime-wSEv7Nanuxc?utm_content=creditCopyText&amp;utm_medium=referral&amp;utm_source=unsplash\">Unsplash<\/a><\/li>\n\n\n\n<li>Photo by <a href=\"https:\/\/unsplash.com\/@zvandrei?utm_source=unsplash&amp;utm_medium=referral&amp;utm_content=creditCopyText\">Andrey Zvyagintsev<\/a> on <a href=\"https:\/\/unsplash.com\/photos\/woman-in-black-long-sleeve-shirt-x0c6vTO5ibA?utm_source=unsplash&amp;utm_medium=referral&amp;utm_content=creditCopyText\">Unsplash<\/a><\/li>\n\n\n\n<li>Photo by <a href=\"https:\/\/unsplash.com\/@michaeldam?utm_source=unsplash&amp;utm_medium=referral&amp;utm_content=creditCopyText\">Michael Dam<\/a> on <a href=\"https:\/\/unsplash.com\/photos\/closeup-photography-of-woman-smiling-mEZ3PoFGs_k?utm_source=unsplash&amp;utm_medium=referral&amp;utm_content=creditCopyText\">Unsplash<\/a><\/li>\n\n\n\n<li>Photo by <a href=\"https:\/\/unsplash.com\/@navidsohrabi?utm_source=unsplash&amp;utm_medium=referral&amp;utm_content=creditCopyText\">Navid Sohrabi<\/a> on <a href=\"https:\/\/unsplash.com\/photos\/a-woman-standing-next-to-a-body-of-water-6pRuIiz6028?utm_source=unsplash&amp;utm_medium=referral&amp;utm_content=creditCopyText\">Unsplash<\/a><\/li>\n\n\n\n<li>Foto von\u00a0<a href=\"https:\/\/unsplash.com\/de\/@cikstefan?utm_source=unsplash&amp;utm_medium=referral&amp;utm_content=creditCopyText\">\u0160tefan \u0160tefan\u010d\u00edk<\/a>\u00a0auf\u00a0<a href=\"https:\/\/unsplash.com\/de\/fotos\/lachelnde-frau-mit-weissem-und-schwarzem-nadelstreifen-kragenoberteil-QXevDflbl8A?utm_source=unsplash&amp;utm_medium=referral&amp;utm_content=creditCopyText\">Unsplash<\/a><\/li>\n<\/ul>\n","protected":false},"excerpt":{"rendered":"","protected":false},"author":3,"featured_media":0,"parent":0,"menu_order":0,"comment_status":"closed","ping_status":"closed","template":"page-templates\/page-sidebar-none.php","meta":{"footnotes":""},"class_list":["post-562","page","type-page","status-publish","hentry"],"_links":{"self":[{"href":"https:\/\/themes.bootscore.me\/boilerplate\/wp-json\/wp\/v2\/pages\/562","targetHints":{"allow":["GET"]}}],"collection":[{"href":"https:\/\/themes.bootscore.me\/boilerplate\/wp-json\/wp\/v2\/pages"}],"about":[{"href":"https:\/\/themes.bootscore.me\/boilerplate\/wp-json\/wp\/v2\/types\/page"}],"author":[{"embeddable":true,"href":"https:\/\/themes.bootscore.me\/boilerplate\/wp-json\/wp\/v2\/users\/3"}],"replies":[{"embeddable":true,"href":"https:\/\/themes.bootscore.me\/boilerplate\/wp-json\/wp\/v2\/comments?post=562"}],"version-history":[{"count":4,"href":"https:\/\/themes.bootscore.me\/boilerplate\/wp-json\/wp\/v2\/pages\/562\/revisions"}],"predecessor-version":[{"id":4989,"href":"https:\/\/themes.bootscore.me\/boilerplate\/wp-json\/wp\/v2\/pages\/562\/revisions\/4989"}],"wp:attachment":[{"href":"https:\/\/themes.bootscore.me\/boilerplate\/wp-json\/wp\/v2\/media?parent=562"}],"curies":[{"name":"wp","href":"https:\/\/api.w.org\/{rel}","templated":true}]}}